{"id":1072,"date":"2018-07-18T18:26:23","date_gmt":"2018-07-18T16:26:23","guid":{"rendered":"http:\/\/cdrmuseudelapauma.cat\/worpre\/?page_id=1072"},"modified":"2026-03-10T13:05:42","modified_gmt":"2026-03-10T11:05:42","slug":"art-rupestre","status":"publish","type":"page","link":"https:\/\/cdrmuseudelapauma.cat\/worpre\/art-rupestre\/","title":{"rendered":"Art rupestre"},"content":{"rendered":"<div class=\"fusion-fullwidth fullwidth-box hundred-percent-fullwidth non-hundred-percent-height-scrolling fusion-equal-height-columns\"  style='background-color: #ffffff;background-position: center center;background-repeat: no-repeat;padding-top:0px;padding-right:0px;padding-bottom:0px;padding-left:0px;'><div class=\"fusion-builder-row fusion-row \"><div  class=\"fusion-layout-column fusion_builder_column fusion_builder_column_1_2  fusion-one-half fusion-column-first 1_2\"  style='margin-top:0px;margin-bottom:0px;'>\n\t\t\t\t\t<div class=\"fusion-column-wrapper\" style=\"padding: 0px 0px 0px 0px;background-image: url('http:\/\/cdrmuseudelapauma.cat\/worpre\/wp-content\/uploads\/2018\/11\/20170705-9-copia-copia-ret-800x600.jpg');background-position:center center;background-repeat:no-repeat;-webkit-background-size:cover;-moz-background-size:cover;-o-background-size:cover;background-size:cover;\"  data-bg-url=\"http:\/\/cdrmuseudelapauma.cat\/worpre\/wp-content\/uploads\/2018\/11\/20170705-9-copia-copia-ret-800x600.jpg\">\n\t\t\t\t\t\t<div class=\"fusion-clearfix\"><\/div>\n\n\t\t\t\t\t<\/div>\n\t\t\t\t<\/div><div  class=\"fusion-layout-column fusion_builder_column fusion_builder_column_1_2  fusion-one-half fusion-column-last 1_2\"  style='margin-top:0px;margin-bottom:0px;'>\n\t\t\t\t\t<div class=\"fusion-column-wrapper\" style=\"padding: 30px 30px 30px 30px;background-position:left top;background-repeat:no-repeat;-webkit-background-size:cover;-moz-background-size:cover;-o-background-size:cover;background-size:cover;\"  data-bg-url=\"\">\n\t\t\t\t\t\t<div class=\"fusion-title title fusion-title-size-one\" style=\"margin-top:0px;margin-bottom:20px;\"><h1 class=\"title-heading-left\"><h3 data-fontsize=\"36\" data-lineheight=\"47\">LES PINTURES RUPESTRES DEL COC\u00d3 DE LA GRALLA<\/h3><\/h1><div class=\"title-sep-container\"><div class=\"title-sep sep-single\" style=\"border-color:#e0dede;\"><\/div><\/div><\/div><div class=\"fusion-text\"><p>El conjunt pict\u00f2ric del Coc\u00f3 de la Gralla (Mas de Barberans, Montsi\u00e0), situat dins del Parc Natural dels Ports, \u00e9s una mostra de l\u2019art rupestre llevant\u00ed. La seva antiguitat \u00e9s d\u2019uns 8.000 anys i es va pintar dins del per\u00edode epipaleol\u00edtic. Les pintures representen dues fileres d\u2019arquers a la carrera cap a l\u2019esquerra, de dues mides diferents, diversos animals i petjades, que formen una possible escena de cacera o ritual. En total, 69 figures formen aquest conjunt excepcional.<\/p>\n<p>Un cop descobertes, i despr\u00e9s de protegir-les i documentar-les adequadament, des del 2017 es posen a l\u2019abast dels visitants.<\/p>\n<p>Hi ha dues possibilitats de poder visitar les pintures rupestres amb visita guiada: una \u00e9s mitjan\u00e7ant les vuit visites programades anuals i l\u2019altra \u00e9s mitjan\u00e7ant una visita a la carta segons disponibilitat dels professionals. El preu de la visita a la carta s\u00f3n 150 euros, m\u00e0xim 20 persones. S\u2019ha de contactar mitjan\u00e7ant un correu a: info@cdrmuseudelapauma.cat o trucant al 977053778.<\/p>\n<p>Hi ha la possibilitat de poder visitar les pintures rupestres amb visita guiada mitjan\u00e7ant les vuit visites programades anuals.\u00a0Tamb\u00e9 es poden visitar les visites\u00a0 mitjan\u00e7ant un<strong>\u00a0<\/strong><a href=\"https:\/\/masdebarberans.net\/turisme\/10-raons-per-venir\/itineraris-en-cotxe-a-peu-i-en-bici\/coco-de-la-gralla\/\"><strong>itinerari\u00a0<\/strong><\/a>\u00a0senyalitzat. Amb aquesta opci\u00f3 no es pot entrar al jaciment per\u00f2 es poden veure des del cam\u00ed.<\/p>\n<\/div><div class=\"fusion-clearfix\"><\/div>\n\n\t\t\t\t\t<\/div>\n\t\t\t\t<\/div><\/div><\/div><div class=\"fusion-fullwidth fullwidth-box hundred-percent-fullwidth non-hundred-percent-height-scrolling fusion-equal-height-columns\"  style='background-color: #f4f4f4;background-position: center center;background-repeat: no-repeat;padding-top:0px;padding-right:0px;padding-bottom:0px;padding-left:0px;'><div class=\"fusion-builder-row fusion-row \"><div  class=\"fusion-layout-column fusion_builder_column fusion_builder_column_2_3  fusion-two-third fusion-column-first 2_3\"  style='margin-top:0px;margin-bottom:0px;'>\n\t\t\t\t\t<div class=\"fusion-column-wrapper\" style=\"padding: 30px 30px 30px 30px;background-position:center center;background-repeat:no-repeat;-webkit-background-size:cover;-moz-background-size:cover;-o-background-size:cover;background-size:cover;\"  data-bg-url=\"\">\n\t\t\t\t\t\t<div class=\"fusion-title title fusion-title-size-one\" style=\"margin-top:0px;margin-bottom:20px;\"><h1 class=\"title-heading-left\"><h3 data-fontsize=\"36\" data-lineheight=\"47\">VISITES GUIADES<\/h3><\/h1><div class=\"title-sep-container\"><div class=\"title-sep sep-single\" style=\"border-color:#e0dede;\"><\/div><\/div><\/div><div class=\"fusion-text  \"><p style=\"text-align: left;\">Les visites guiades s\u2019acompanyaran amb una s\u00e8rie de reproduccions de peces de cultura material recuperades en diferents jaciments propers a les pintures del Coc\u00f3 de la Gralla.<\/p>\n<p style=\"text-align: left;\">A les activitats, sempre que sigui possible, es far\u00e0 pr\u00e8viament una petita demostraci\u00f3 de com feien el foc durant la prehist\u00f2ria, explicant materials i m\u00e8tode, seguidament es desenvolupar\u00e0 l\u2019activitat.<\/p>\n<p style=\"text-align: left;\">Preus: 5 \u20ac. Gratu\u00eft menors de sis anys.<\/p>\n<p>Les visites guiades programades per a l\u2019any 2026 tindran lloc en les dates seg\u00fcents:<\/p>\n<ul class=\"wp-block-list\">\n<li>PLACES EXHAURIDES DIVENDRES, 3 d\u2019abril, a les 11:00. Introducci\u00f3 al Museu + visita guiada a les pintures. Activitat familiar: &#8220;Fem un collar neol\u00edtic&#8221;<\/li>\n<li>PLACES EXHAURIDES DILLUNS DIA DE LA MONA , 6 d&#8217;abril, a les 11:00. Introducci\u00f3 al Museu + visita guiada a les pintures.\u00a0 Activitat familiar:\u00a0 &#8220;Pintura Rupestre&#8221;<\/li>\n<li>DISSABTE, 30 de maig, a les 10:00. Introducci\u00f3 al Museu + visita guiada a les pintures<\/li>\n<li>DIUMENGE, 21 de juny, a les 10:00. Introducci\u00f3\u00a0 al Museu + visita guiada a les pintures<\/li>\n<li>DISSABTE, 8 d\u2019agost, a les 21:30. Visita nocturna a les pintures rupestres.<\/li>\n<li>DIUMENGE, 6 de setembre, a les 10:00. Introducci\u00f3 al Museu + visita guiada a les pintures<\/li>\n<li>DISSABTE, 26 de setembre, a les 10:00. Introducci\u00f3\u00a0 al Museu + visita natura\/cultura. Activitat familiar: &#8220;Fibres vegetals&#8221;<\/li>\n<\/ul>\n<\/div><div class=\"fusion-button-wrapper fusion-aligncenter\"><style type=\"text\/css\" scoped=\"scoped\">.fusion-button.button-1 .fusion-button-text, .fusion-button.button-1 i {color:#000000;}.fusion-button.button-1 {border-width:0px;border-color:#000000;}.fusion-button.button-1 .fusion-button-icon-divider{border-color:#000000;}.fusion-button.button-1:hover .fusion-button-text, .fusion-button.button-1:hover i,.fusion-button.button-1:focus .fusion-button-text, .fusion-button.button-1:focus i,.fusion-button.button-1:active .fusion-button-text, .fusion-button.button-1:active{color:#000000;}.fusion-button.button-1:hover, .fusion-button.button-1:focus, .fusion-button.button-1:active{border-width:0px;border-color:#000000;}.fusion-button.button-1:hover .fusion-button-icon-divider, .fusion-button.button-1:hover .fusion-button-icon-divider, .fusion-button.button-1:active .fusion-button-icon-divider{border-color:#000000;}.fusion-button.button-1{width:auto;}<\/style><a class=\"fusion-button button-flat fusion-button-round button-large button-default button-1\" target=\"_blank\" rel=\"noopener noreferrer\" title=\"Inscripcions a les visites\" href=\"https:\/\/forms.gle\/RjWdZk4LG8HBLC9H8\"><span class=\"fusion-button-text\">Inscripcions a les visites<\/span><\/a><\/div><div class=\"fusion-clearfix\"><\/div>\n\n\t\t\t\t\t<\/div>\n\t\t\t\t<\/div><div  class=\"fusion-layout-column fusion_builder_column fusion_builder_column_1_3  fusion-one-third fusion-column-last 1_3\"  style='margin-top:0px;margin-bottom:0px;'>\n\t\t\t\t\t<div class=\"fusion-column-wrapper\" style=\"padding: 0px 0px 0px 0px;background-image: url('http:\/\/cdrmuseudelapauma.cat\/worpre\/wp-content\/uploads\/2018\/11\/IMG_20171119_120923-ret-800x876.jpg');background-position:center center;background-repeat:no-repeat;-webkit-background-size:cover;-moz-background-size:cover;-o-background-size:cover;background-size:cover;\"  data-bg-url=\"http:\/\/cdrmuseudelapauma.cat\/worpre\/wp-content\/uploads\/2018\/11\/IMG_20171119_120923-ret-800x876.jpg\">\n\t\t\t\t\t\t<div class=\"fusion-clearfix\"><\/div>\n\n\t\t\t\t\t<\/div>\n\t\t\t\t<\/div><\/div><\/div>\n","protected":false},"excerpt":{"rendered":"","protected":false},"author":1,"featured_media":0,"parent":0,"menu_order":0,"comment_status":"closed","ping_status":"closed","template":"100-width.php","meta":{"_uf_show_specific_survey":0,"_uf_disable_surveys":false,"footnotes":""},"class_list":["post-1072","page","type-page","status-publish","hentry"],"_links":{"self":[{"href":"https:\/\/cdrmuseudelapauma.cat\/worpre\/wp-json\/wp\/v2\/pages\/1072","targetHints":{"allow":["GET"]}}],"collection":[{"href":"https:\/\/cdrmuseudelapauma.cat\/worpre\/wp-json\/wp\/v2\/pages"}],"about":[{"href":"https:\/\/cdrmuseudelapauma.cat\/worpre\/wp-json\/wp\/v2\/types\/page"}],"author":[{"embeddable":true,"href":"https:\/\/cdrmuseudelapauma.cat\/worpre\/wp-json\/wp\/v2\/users\/1"}],"replies":[{"embeddable":true,"href":"https:\/\/cdrmuseudelapauma.cat\/worpre\/wp-json\/wp\/v2\/comments?post=1072"}],"version-history":[{"count":116,"href":"https:\/\/cdrmuseudelapauma.cat\/worpre\/wp-json\/wp\/v2\/pages\/1072\/revisions"}],"predecessor-version":[{"id":8220,"href":"https:\/\/cdrmuseudelapauma.cat\/worpre\/wp-json\/wp\/v2\/pages\/1072\/revisions\/8220"}],"wp:attachment":[{"href":"https:\/\/cdrmuseudelapauma.cat\/worpre\/wp-json\/wp\/v2\/media?parent=1072"}],"curies":[{"name":"wp","href":"https:\/\/api.w.org\/{rel}","templated":true}]}}