{"id":1142,"date":"2018-10-23T17:54:42","date_gmt":"2018-10-23T15:54:42","guid":{"rendered":"http:\/\/cdrmuseudelapauma.cat\/worpre\/?page_id=1142"},"modified":"2026-03-25T12:05:16","modified_gmt":"2026-03-25T10:05:16","slug":"la-fira","status":"publish","type":"page","link":"https:\/\/cdrmuseudelapauma.cat\/worpre\/la-fira\/","title":{"rendered":"La fira"},"content":{"rendered":"<div class=\"fusion-fullwidth fullwidth-box hundred-percent-fullwidth non-hundred-percent-height-scrolling fusion-equal-height-columns\"  style='background-color: #f6f6f6;background-position: left top;background-repeat: no-repeat;padding-top:0px;padding-right:0px;padding-bottom:0px;padding-left:0px;border-top-width:0px;border-bottom-width:0px;border-color:#eae9e9;border-top-style:solid;border-bottom-style:solid;'><div class=\"fusion-builder-row fusion-row \"><div  class=\"fusion-layout-column fusion_builder_column fusion_builder_column_2_3  fusion-two-third fusion-column-first 2_3\"  style='margin-top:0px;margin-bottom:0px;'>\n\t\t\t\t\t<div class=\"fusion-column-wrapper\" style=\"padding: 10% 10% 10% 10%;background-position:left top;background-repeat:no-repeat;-webkit-background-size:cover;-moz-background-size:cover;-o-background-size:cover;background-size:cover;\"  data-bg-url=\"\">\n\t\t\t\t\t\t<div class=\"fusion-column-content-centered\"><div class=\"fusion-column-content\"><div class=\"fusion-text\"><h2 style=\"text-align: center;\">EL RAC\u00d3 DELS ARTESANS<\/h2>\n<h3 style=\"text-align: center;\">LA FIRA DE LES FIBRES VEGETALS<\/h3>\n<\/div><div class=\"fusion-sep-clear\"><\/div><div class=\"fusion-separator fusion-full-width-sep sep-none\" style=\"margin-left: auto;margin-right: auto;margin-top:5px;margin-bottom:5px;\"><\/div><div class=\"fusion-button-wrapper fusion-aligncenter\"><style type=\"text\/css\" scoped=\"scoped\">.fusion-button.button-1 .fusion-button-text, .fusion-button.button-1 i {color:#000000;}.fusion-button.button-1 {border-width:0px;border-color:#000000;}.fusion-button.button-1 .fusion-button-icon-divider{border-color:#000000;}.fusion-button.button-1:hover .fusion-button-text, .fusion-button.button-1:hover i,.fusion-button.button-1:focus .fusion-button-text, .fusion-button.button-1:focus i,.fusion-button.button-1:active .fusion-button-text, .fusion-button.button-1:active{color:#000000;}.fusion-button.button-1:hover, .fusion-button.button-1:focus, .fusion-button.button-1:active{border-width:0px;border-color:#000000;}.fusion-button.button-1:hover .fusion-button-icon-divider, .fusion-button.button-1:hover .fusion-button-icon-divider, .fusion-button.button-1:active .fusion-button-icon-divider{border-color:#000000;}.fusion-button.button-1{width:auto;}<\/style><a class=\"fusion-button button-flat fusion-button-round button-xlarge button-default button-1\" target=\"_blank\" rel=\"noopener noreferrer\" href=\"https:\/\/forms.gle\/gCQZZHiksq23sLq86\"><span class=\"fusion-button-text\">FORMULARI DE PRESENTACI\u00d3 PER ASSISTIR A LA FIRA<\/span><\/a><\/div><div class=\"fusion-text\"><p>El <b>Rac\u00f3 dels Artesans, la Fira Monogr\u00e0fica de les Fibres Vegetals de Mas de Barberans<\/b> s\u2019ha convertit en una cita anual ineludible per als seguidors de l\u2019artesania de les fibres. Aquest 2026 arriba a la 23\u00aa edici\u00f3 i tindr\u00e0 lloc el cap de setmana de l\u2019<b>1 <\/b>i<b> 2 d\u2019agost<\/b>. Aquesta trobada \u00e9s un aparador del saber fer tradicional, per\u00f2 tamb\u00e9 de les noves maneres d\u2019entendre l\u2019artesania des d\u2019una \u00f2ptica contempor\u00e0nia i innovadora. Al mateix temps \u00e9s un punt de trobada d\u2019artesans i artesanes d\u2019arreu que comparteixen coneixements i experi\u00e8ncies.<\/p>\n<p>La diversitat de t\u00e8cniques, materials i proced\u00e8ncies \u00e9s el segell distintiu d\u2019aquesta fira on anualment al voltant de 30 persones artesanes de diferents proced\u00e8ncies fan rogle per exhibir els seus treballs i mostrar els seus processos de creaci\u00f3 artesana a un p\u00fablic sensibilitzat per la qualitat del producte fet a m\u00e0 i la sostenibilitat ambiental.\u00a0No seria possible la trobada monogr\u00e0fica sense les persones artesanes\u00a0del sector. \u00c9s per aix\u00f2 mateix que us animem a explicar la <b>vostra\u00a0proposta<\/b> per a la mostra i un <b>breu curr\u00edculum<\/b> si esteu interessades a assistir al Rac\u00f3 dels Artesans 2026, no \u00e9s una inscripci\u00f3 a la fira sin\u00f3 una presentaci\u00f3. En cas de ser finalment seleccionades tenint en compte diferents criteris, l&#8217;ajuntament de Mas de Barberans us far\u00e0 arribar, a partir del 15 de maig, la invitaci\u00f3 per participar a la fira. <strong>Les presentacions es poden enviar fins al 30 d&#8217;abril.<\/strong><\/p>\n<p>Les persones artesanes amb seu fiscal a Catalunya han de tenir el <b>carnet d\u2019artes\u00e0\/ana<\/b> i, i si s&#8217;escau, el <b>distintiu de producte D&#8217;A<\/b> i han d\u2019enviar la c\u00f2pia dels dos documents a l\u2019hora d\u2019acceptar la invitaci\u00f3. Les persones vingudes d\u2019altres territoris haurien d\u2019enviar c\u00f2pia del carnet en cas que existeixi aquest document d\u2019acreditaci\u00f3 de l\u2019ofici al seu lloc d\u2019origen. En refer\u00e8ncia a les demostracions, l\u2019ajuntament ha establert costejar un import de 400,00 euros (400+ IVA els que present\u00e9ssiu factura o 400 \u2013 15% d\u2019IRPF els que present\u00e9ssiu minuta) que haureu de facturar en concepte de demostraci\u00f3 artesanal.<\/p>\n<p>Aquesta mostra d\u2019artesans va iniciar-se l\u2019any 2002. El primer any,\u00a0 la mostra va acollir tres demostracions d\u2019artesania i la difusi\u00f3 nom\u00e9s es va fer a nivell local. A poc a poc, la fira es va anar consolidant i creixent, sent determinant la col\u2022laboraci\u00f3 amb l\u2019Associaci\u00f3 de Cistellers de Catalunya,<\/p>\n<p>El Rac\u00f3 dels Artesans, a partir del 2007 obt\u00e9 la catalogaci\u00f3 de fira monogr\u00e0fica de les fibres vegetals, esdevenint una mostra de refer\u00e8ncia d\u2019artesans de les fibres vegetals, els quals fan exposici\u00f3 de les seves artesanies i demostracions del seu producte artesanal, a m\u00e9s de tallers gratu\u00efts per a totes les edats. Com a fira monogr\u00e0fica, els artesans d\u2019aquesta disciplina ocupen els carrers de Mas de Barberans durant el primer cap de setmana d\u2019agost. Aix\u00ed, la fira va passar a gaudir d\u2019una especificitat artesanal de qualitat. A m\u00e9s de la mostra, els dos dies de fira han acabat fent-se un lloc destacat en el calendari festiu de la poblaci\u00f3.<\/p>\n<p><strong>Aquest esdeveniment pertany a la Xarxa d&#8217;Estrat\u00e8gics de la Diputaci\u00f3 de Tarragona, Cultura amb nom propi.<\/strong><\/p>\n<\/div><\/div><\/div><div class=\"fusion-clearfix\"><\/div>\n\n\t\t\t\t\t<\/div>\n\t\t\t\t<\/div><div  class=\"fusion-layout-column fusion_builder_column fusion_builder_column_1_3  fusion-one-third fusion-column-last 1_3\"  style='margin-top:0px;margin-bottom:0px;'>\n\t\t\t\t\t<div class=\"fusion-column-wrapper\" style=\"padding: 0px 0px 0px 0px;background-image: url('http:\/\/cdrmuseudelapauma.cat\/worpre\/wp-content\/uploads\/2018\/06\/canyes2.jpg');background-position:center center;background-repeat:no-repeat;-webkit-background-size:cover;-moz-background-size:cover;-o-background-size:cover;background-size:cover;\"  data-bg-url=\"http:\/\/cdrmuseudelapauma.cat\/worpre\/wp-content\/uploads\/2018\/06\/canyes2.jpg\">\n\t\t\t\t\t\t<div class=\"fusion-clearfix\"><\/div>\n\n\t\t\t\t\t<\/div>\n\t\t\t\t<\/div><\/div><\/div>\n","protected":false},"excerpt":{"rendered":"","protected":false},"author":1,"featured_media":0,"parent":0,"menu_order":0,"comment_status":"closed","ping_status":"closed","template":"100-width.php","meta":{"_uf_show_specific_survey":0,"_uf_disable_surveys":false,"footnotes":""},"class_list":["post-1142","page","type-page","status-publish","hentry"],"_links":{"self":[{"href":"https:\/\/cdrmuseudelapauma.cat\/worpre\/wp-json\/wp\/v2\/pages\/1142","targetHints":{"allow":["GET"]}}],"collection":[{"href":"https:\/\/cdrmuseudelapauma.cat\/worpre\/wp-json\/wp\/v2\/pages"}],"about":[{"href":"https:\/\/cdrmuseudelapauma.cat\/worpre\/wp-json\/wp\/v2\/types\/page"}],"author":[{"embeddable":true,"href":"https:\/\/cdrmuseudelapauma.cat\/worpre\/wp-json\/wp\/v2\/users\/1"}],"replies":[{"embeddable":true,"href":"https:\/\/cdrmuseudelapauma.cat\/worpre\/wp-json\/wp\/v2\/comments?post=1142"}],"version-history":[{"count":5,"href":"https:\/\/cdrmuseudelapauma.cat\/worpre\/wp-json\/wp\/v2\/pages\/1142\/revisions"}],"predecessor-version":[{"id":3619,"href":"https:\/\/cdrmuseudelapauma.cat\/worpre\/wp-json\/wp\/v2\/pages\/1142\/revisions\/3619"}],"wp:attachment":[{"href":"https:\/\/cdrmuseudelapauma.cat\/worpre\/wp-json\/wp\/v2\/media?parent=1142"}],"curies":[{"name":"wp","href":"https:\/\/api.w.org\/{rel}","templated":true}]}}